{"id":15,"date":"2025-04-28T20:32:16","date_gmt":"2025-04-28T18:32:16","guid":{"rendered":"https:\/\/bitdefender.kfam.eu\/?post_type=product&#038;p=15"},"modified":"2025-04-28T22:44:35","modified_gmt":"2025-04-28T20:44:35","slug":"bitdefender-password-manager-windows-macos-android-ios","status":"publish","type":"product","link":"https:\/\/bitdefender.kfam.eu\/?product=bitdefender-password-manager-windows-macos-android-ios","title":{"rendered":"Bitdefender Password Manager (Windows, MacOS, Android, iOS)"},"content":{"rendered":"<p><strong>Bitdefender Password Manager<\/strong> to zaawansowany i wieloplatformowy mened\u017cer hase\u0142, kt\u00f3ry pozwala skutecznie chroni\u0107 oraz wygodnie zarz\u0105dza\u0107 wszystkimi Twoimi has\u0142ami, danymi logowania i informacjami poufnymi. Dzi\u0119ki temu rozwi\u0105zaniu nie musisz ju\u017c pami\u0119ta\u0107 dziesi\u0105tek skomplikowanych hase\u0142 \u2013 wystarczy jedno silne has\u0142o g\u0142\u00f3wne, aby uzyska\u0107 dost\u0119p do wszystkich swoich kont na komputerze i urz\u0105dzeniach mobilnych.<\/p>\n<h3>5 Najwa\u017cniejszych funkcje Bitdefender Password Manager:<\/h3>\n<ul>\n<li>Szyfrowanie end-to-end (AES-256) gwarantuj\u0105ce pe\u0142ne bezpiecze\u0144stwo Twoich danych \u2013 tylko Ty masz do nich dost\u0119p.<\/li>\n<li>Automatyczne zapisywanie i wype\u0142nianie hase\u0142 w przegl\u0105darkach oraz aplikacjach, co znacznie przyspiesza logowanie i zakupy online.<\/li>\n<li>Generator silnych, unikalnych hase\u0142, kt\u00f3re skutecznie chroni\u0105 przed atakami typu brute-force oraz wyciekiem danych.<\/li>\n<li>Synchronizacja wszystkich zapisanych danych pomi\u0119dzy Windows, MacOS, Android i iOS \u2013 Twoje has\u0142a s\u0105 zawsze pod r\u0119k\u0105, niezale\u017cnie od urz\u0105dzenia.<\/li>\n<li>Bezpieczne przechowywanie danych kart p\u0142atniczych, notatek i innych poufnych informacji, kt\u00f3re wymagaj\u0105 szczeg\u00f3lnej ochrony.<\/li>\n<\/ul>\n<p><strong>Bitdefender Password Manager<\/strong> przewy\u017csza wbudowane mened\u017cery hase\u0142 w przegl\u0105darkach oraz konkurencyjne aplikacje dzi\u0119ki zaawansowanym funkcjom bezpiecze\u0144stwa, intuicyjnemu interfejsowi i pe\u0142nej integracji z innymi produktami Bitdefender. W przeciwie\u0144stwie do rozwi\u0105za\u0144 bezp\u0142atnych nie wy\u015bwietla reklam ani nie sprzedaje danych u\u017cytkownik\u00f3w, a wszystkie operacje s\u0105 szyfrowane i chronione przed wyciekiem.<\/p>\n<p>Zadbaj o bezpiecze\u0144stwo swoich kont internetowych i uwolnij si\u0119 od konieczno\u015bci zapami\u0119tywania wielu hase\u0142 \u2013 wybierz Bitdefender Password Manager i chro\u0144 swoje dane na najwy\u017cszym poziomie!<\/p>\n","protected":false},"excerpt":{"rendered":"<p>Bitdefender Password Manager to zaawansowany i wieloplatformowy mened\u017cer hase\u0142, kt\u00f3ry pozwala skutecznie chroni\u0107 oraz wygodnie zarz\u0105dza\u0107 wszystkimi Twoimi has\u0142ami, danymi logowania i informacjami poufnymi. Dzi\u0119ki temu rozwi\u0105zaniu nie musisz ju\u017c pami\u0119ta\u0107 dziesi\u0105tek skomplikowanych hase\u0142 \u2013 wystarczy jedno silne has\u0142o g\u0142\u00f3wne, aby uzyska\u0107 dost\u0119p do wszystkich swoich kont na komputerze i urz\u0105dzeniach mobilnych. 5 Najwa\u017cniejszych funkcje [&hellip;]<\/p>\n","protected":false},"featured_media":145,"comment_status":"open","ping_status":"closed","template":"","meta":[],"product_brand":[],"product_cat":[15],"product_tag":[],"class_list":{"0":"post-15","1":"product","2":"type-product","3":"status-publish","4":"has-post-thumbnail","6":"product_cat-bez-kategorii","8":"entry","9":"has-media","11":"first","12":"instock","13":"taxable","14":"shipping-taxable","15":"purchasable","16":"product-type-variable","17":"has-product-nav","18":"col","19":"span_1_of_3","20":"owp-content-center","21":"owp-thumbs-layout-horizontal","22":"owp-btn-normal","23":"owp-tabs-layout-horizontal","24":"has-no-thumbnails"},"_links":{"self":[{"href":"https:\/\/bitdefender.kfam.eu\/index.php?rest_route=\/wp\/v2\/product\/15","targetHints":{"allow":["GET"]}}],"collection":[{"href":"https:\/\/bitdefender.kfam.eu\/index.php?rest_route=\/wp\/v2\/product"}],"about":[{"href":"https:\/\/bitdefender.kfam.eu\/index.php?rest_route=\/wp\/v2\/types\/product"}],"replies":[{"embeddable":true,"href":"https:\/\/bitdefender.kfam.eu\/index.php?rest_route=%2Fwp%2Fv2%2Fcomments&post=15"}],"wp:featuredmedia":[{"embeddable":true,"href":"https:\/\/bitdefender.kfam.eu\/index.php?rest_route=\/wp\/v2\/media\/145"}],"wp:attachment":[{"href":"https:\/\/bitdefender.kfam.eu\/index.php?rest_route=%2Fwp%2Fv2%2Fmedia&parent=15"}],"wp:term":[{"taxonomy":"product_brand","embeddable":true,"href":"https:\/\/bitdefender.kfam.eu\/index.php?rest_route=%2Fwp%2Fv2%2Fproduct_brand&post=15"},{"taxonomy":"product_cat","embeddable":true,"href":"https:\/\/bitdefender.kfam.eu\/index.php?rest_route=%2Fwp%2Fv2%2Fproduct_cat&post=15"},{"taxonomy":"product_tag","embeddable":true,"href":"https:\/\/bitdefender.kfam.eu\/index.php?rest_route=%2Fwp%2Fv2%2Fproduct_tag&post=15"}],"curies":[{"name":"wp","href":"https:\/\/api.w.org\/{rel}","templated":true}]}}